{"id":15,"date":"2017-11-29T09:28:08","date_gmt":"2017-11-29T09:28:08","guid":{"rendered":"https:\/\/ronnells.se\/?page_id=15"},"modified":"2026-04-28T09:44:28","modified_gmt":"2026-04-28T09:44:28","slug":"hem","status":"publish","type":"page","link":"https:\/\/ronnells.se\/","title":{"rendered":"Hem"},"content":{"rendered":"","protected":false},"excerpt":{"rendered":"","protected":false},"author":3,"featured_media":1516,"parent":0,"menu_order":0,"comment_status":"closed","ping_status":"closed","template":"page-startsida.php","meta":{"_acf_changed":false,"footnotes":""},"class_list":["post-15","page","type-page","status-publish","has-post-thumbnail","hentry"],"acf":[],"yoast_head":"<!-- This site is optimized with the Yoast SEO plugin v25.9 - https:\/\/yoast.com\/wordpress\/plugins\/seo\/ -->\n<title>Hem - R\u00f6nnells antikvariat<\/title>\n<meta name=\"description\" content=\"R\u00f6nnells Antikvariat grundat 1929, \u00e4r Sveriges st\u00f6rsta och kanske Nordens sista stora antikvariat. Ett antikvariat med stora lokaler och brett sortiment, kunnig personal och h\u00f6gt utvecklad service.\" \/>\n<meta name=\"robots\" content=\"index, follow, max-snippet:-1, max-image-preview:large, max-video-preview:-1\" \/>\n<link rel=\"canonical\" href=\"https:\/\/ronnells.se\/\" \/>\n<meta property=\"og:locale\" content=\"sv_SE\" \/>\n<meta property=\"og:type\" content=\"article\" \/>\n<meta property=\"og:title\" content=\"Hem - R\u00f6nnells antikvariat\" \/>\n<meta property=\"og:description\" content=\"R\u00f6nnells Antikvariat grundat 1929, \u00e4r Sveriges st\u00f6rsta och kanske Nordens sista stora antikvariat. Ett antikvariat med stora lokaler och brett sortiment, kunnig personal och h\u00f6gt utvecklad service.\" \/>\n<meta property=\"og:url\" content=\"https:\/\/ronnells.se\/\" \/>\n<meta property=\"og:site_name\" content=\"R\u00f6nnells antikvariat\" \/>\n<meta property=\"article:publisher\" content=\"https:\/\/www.facebook.com\/R%c3%b6nnells-Antikvariat-384343618291688\/\" \/>\n<meta property=\"article:modified_time\" content=\"2026-04-28T09:44:28+00:00\" \/>\n<meta property=\"og:image\" content=\"https:\/\/ronnells.se\/wp-content\/uploads\/2018\/10\/ronnells_entre.jpg\" \/>\n\t<meta property=\"og:image:width\" content=\"640\" \/>\n\t<meta property=\"og:image:height\" content=\"480\" \/>\n\t<meta property=\"og:image:type\" content=\"image\/jpeg\" \/>\n<meta name=\"twitter:card\" content=\"summary_large_image\" \/>\n<meta name=\"twitter:label1\" content=\"Ber\u00e4knad l\u00e4stid\" \/>\n\t<meta name=\"twitter:data1\" content=\"3 minuter\" \/>\n<script type=\"application\/ld+json\" class=\"yoast-schema-graph\">{\"@context\":\"https:\/\/schema.org\",\"@graph\":[{\"@type\":\"WebPage\",\"@id\":\"https:\/\/ronnells.se\/\",\"url\":\"https:\/\/ronnells.se\/\",\"name\":\"Hem - R\u00f6nnells antikvariat\",\"isPartOf\":{\"@id\":\"https:\/\/ronnells.se\/#website\"},\"primaryImageOfPage\":{\"@id\":\"https:\/\/ronnells.se\/#primaryimage\"},\"image\":{\"@id\":\"https:\/\/ronnells.se\/#primaryimage\"},\"thumbnailUrl\":\"https:\/\/ronnells.se\/wp-content\/uploads\/2018\/10\/ronnells_entre.jpg\",\"datePublished\":\"2017-11-29T09:28:08+00:00\",\"dateModified\":\"2026-04-28T09:44:28+00:00\",\"description\":\"R\u00f6nnells Antikvariat grundat 1929, \u00e4r Sveriges st\u00f6rsta och kanske Nordens sista stora antikvariat. Ett antikvariat med stora lokaler och brett sortiment, kunnig personal och h\u00f6gt utvecklad service.\",\"breadcrumb\":{\"@id\":\"https:\/\/ronnells.se\/#breadcrumb\"},\"inLanguage\":\"sv-SE\",\"potentialAction\":[{\"@type\":\"ReadAction\",\"target\":[\"https:\/\/ronnells.se\/\"]}]},{\"@type\":\"ImageObject\",\"inLanguage\":\"sv-SE\",\"@id\":\"https:\/\/ronnells.se\/#primaryimage\",\"url\":\"https:\/\/ronnells.se\/wp-content\/uploads\/2018\/10\/ronnells_entre.jpg\",\"contentUrl\":\"https:\/\/ronnells.se\/wp-content\/uploads\/2018\/10\/ronnells_entre.jpg\",\"width\":640,\"height\":480},{\"@type\":\"BreadcrumbList\",\"@id\":\"https:\/\/ronnells.se\/#breadcrumb\",\"itemListElement\":[{\"@type\":\"ListItem\",\"position\":1,\"name\":\"Hem\",\"item\":\"https:\/\/ronnells.se\/\"},{\"@type\":\"ListItem\",\"position\":2,\"name\":\"Hem\"}]},{\"@type\":\"WebSite\",\"@id\":\"https:\/\/ronnells.se\/#website\",\"url\":\"https:\/\/ronnells.se\/\",\"name\":\"R\u00f6nnells antikvariat\",\"description\":\"Alla tiders b\u00f6cker\",\"publisher\":{\"@id\":\"https:\/\/ronnells.se\/#organization\"},\"potentialAction\":[{\"@type\":\"SearchAction\",\"target\":{\"@type\":\"EntryPoint\",\"urlTemplate\":\"https:\/\/ronnells.se\/?s={search_term_string}\"},\"query-input\":{\"@type\":\"PropertyValueSpecification\",\"valueRequired\":true,\"valueName\":\"search_term_string\"}}],\"inLanguage\":\"sv-SE\"},{\"@type\":\"Organization\",\"@id\":\"https:\/\/ronnells.se\/#organization\",\"name\":\"R\u00f6nnells Antikvariat\",\"url\":\"https:\/\/ronnells.se\/\",\"logo\":{\"@type\":\"ImageObject\",\"inLanguage\":\"sv-SE\",\"@id\":\"https:\/\/ronnells.se\/#\/schema\/logo\/image\/\",\"url\":\"https:\/\/ronnells.se\/wp-content\/uploads\/2017\/12\/logo_transparant.png\",\"contentUrl\":\"https:\/\/ronnells.se\/wp-content\/uploads\/2017\/12\/logo_transparant.png\",\"width\":512,\"height\":512,\"caption\":\"R\u00f6nnells Antikvariat\"},\"image\":{\"@id\":\"https:\/\/ronnells.se\/#\/schema\/logo\/image\/\"},\"sameAs\":[\"https:\/\/www.facebook.com\/R\u00f6nnells-Antikvariat-384343618291688\/\",\"https:\/\/www.instagram.com\/ronnellsantikvariat\/\"]}]}<\/script>\n<!-- \/ Yoast SEO plugin. -->","yoast_head_json":{"title":"Hem - R\u00f6nnells antikvariat","description":"R\u00f6nnells Antikvariat grundat 1929, \u00e4r Sveriges st\u00f6rsta och kanske Nordens sista stora antikvariat. Ett antikvariat med stora lokaler och brett sortiment, kunnig personal och h\u00f6gt utvecklad service.","robots":{"index":"index","follow":"follow","max-snippet":"max-snippet:-1","max-image-preview":"max-image-preview:large","max-video-preview":"max-video-preview:-1"},"canonical":"https:\/\/ronnells.se\/","og_locale":"sv_SE","og_type":"article","og_title":"Hem - R\u00f6nnells antikvariat","og_description":"R\u00f6nnells Antikvariat grundat 1929, \u00e4r Sveriges st\u00f6rsta och kanske Nordens sista stora antikvariat. Ett antikvariat med stora lokaler och brett sortiment, kunnig personal och h\u00f6gt utvecklad service.","og_url":"https:\/\/ronnells.se\/","og_site_name":"R\u00f6nnells antikvariat","article_publisher":"https:\/\/www.facebook.com\/R%c3%b6nnells-Antikvariat-384343618291688\/","article_modified_time":"2026-04-28T09:44:28+00:00","og_image":[{"width":640,"height":480,"url":"https:\/\/ronnells.se\/wp-content\/uploads\/2018\/10\/ronnells_entre.jpg","type":"image\/jpeg"}],"twitter_card":"summary_large_image","twitter_misc":{"Ber\u00e4knad l\u00e4stid":"3 minuter"},"schema":{"@context":"https:\/\/schema.org","@graph":[{"@type":"WebPage","@id":"https:\/\/ronnells.se\/","url":"https:\/\/ronnells.se\/","name":"Hem - R\u00f6nnells antikvariat","isPartOf":{"@id":"https:\/\/ronnells.se\/#website"},"primaryImageOfPage":{"@id":"https:\/\/ronnells.se\/#primaryimage"},"image":{"@id":"https:\/\/ronnells.se\/#primaryimage"},"thumbnailUrl":"https:\/\/ronnells.se\/wp-content\/uploads\/2018\/10\/ronnells_entre.jpg","datePublished":"2017-11-29T09:28:08+00:00","dateModified":"2026-04-28T09:44:28+00:00","description":"R\u00f6nnells Antikvariat grundat 1929, \u00e4r Sveriges st\u00f6rsta och kanske Nordens sista stora antikvariat. Ett antikvariat med stora lokaler och brett sortiment, kunnig personal och h\u00f6gt utvecklad service.","breadcrumb":{"@id":"https:\/\/ronnells.se\/#breadcrumb"},"inLanguage":"sv-SE","potentialAction":[{"@type":"ReadAction","target":["https:\/\/ronnells.se\/"]}]},{"@type":"ImageObject","inLanguage":"sv-SE","@id":"https:\/\/ronnells.se\/#primaryimage","url":"https:\/\/ronnells.se\/wp-content\/uploads\/2018\/10\/ronnells_entre.jpg","contentUrl":"https:\/\/ronnells.se\/wp-content\/uploads\/2018\/10\/ronnells_entre.jpg","width":640,"height":480},{"@type":"BreadcrumbList","@id":"https:\/\/ronnells.se\/#breadcrumb","itemListElement":[{"@type":"ListItem","position":1,"name":"Hem","item":"https:\/\/ronnells.se\/"},{"@type":"ListItem","position":2,"name":"Hem"}]},{"@type":"WebSite","@id":"https:\/\/ronnells.se\/#website","url":"https:\/\/ronnells.se\/","name":"R\u00f6nnells antikvariat","description":"Alla tiders b\u00f6cker","publisher":{"@id":"https:\/\/ronnells.se\/#organization"},"potentialAction":[{"@type":"SearchAction","target":{"@type":"EntryPoint","urlTemplate":"https:\/\/ronnells.se\/?s={search_term_string}"},"query-input":{"@type":"PropertyValueSpecification","valueRequired":true,"valueName":"search_term_string"}}],"inLanguage":"sv-SE"},{"@type":"Organization","@id":"https:\/\/ronnells.se\/#organization","name":"R\u00f6nnells Antikvariat","url":"https:\/\/ronnells.se\/","logo":{"@type":"ImageObject","inLanguage":"sv-SE","@id":"https:\/\/ronnells.se\/#\/schema\/logo\/image\/","url":"https:\/\/ronnells.se\/wp-content\/uploads\/2017\/12\/logo_transparant.png","contentUrl":"https:\/\/ronnells.se\/wp-content\/uploads\/2017\/12\/logo_transparant.png","width":512,"height":512,"caption":"R\u00f6nnells Antikvariat"},"image":{"@id":"https:\/\/ronnells.se\/#\/schema\/logo\/image\/"},"sameAs":["https:\/\/www.facebook.com\/R\u00f6nnells-Antikvariat-384343618291688\/","https:\/\/www.instagram.com\/ronnellsantikvariat\/"]}]}},"_links":{"self":[{"href":"https:\/\/ronnells.se\/index.php?rest_route=\/wp\/v2\/pages\/15","targetHints":{"allow":["GET"]}}],"collection":[{"href":"https:\/\/ronnells.se\/index.php?rest_route=\/wp\/v2\/pages"}],"about":[{"href":"https:\/\/ronnells.se\/index.php?rest_route=\/wp\/v2\/types\/page"}],"author":[{"embeddable":true,"href":"https:\/\/ronnells.se\/index.php?rest_route=\/wp\/v2\/users\/3"}],"replies":[{"embeddable":true,"href":"https:\/\/ronnells.se\/index.php?rest_route=%2Fwp%2Fv2%2Fcomments&post=15"}],"version-history":[{"count":337,"href":"https:\/\/ronnells.se\/index.php?rest_route=\/wp\/v2\/pages\/15\/revisions"}],"predecessor-version":[{"id":4768,"href":"https:\/\/ronnells.se\/index.php?rest_route=\/wp\/v2\/pages\/15\/revisions\/4768"}],"wp:featuredmedia":[{"embeddable":true,"href":"https:\/\/ronnells.se\/index.php?rest_route=\/wp\/v2\/media\/1516"}],"wp:attachment":[{"href":"https:\/\/ronnells.se\/index.php?rest_route=%2Fwp%2Fv2%2Fmedia&parent=15"}],"curies":[{"name":"wp","href":"https:\/\/api.w.org\/{rel}","templated":true}]}}